{"id":14,"date":"2024-04-10T09:57:04","date_gmt":"2024-04-10T09:57:04","guid":{"rendered":"nik.uni-obuda.hu\/msc-felveteli\/register\/"},"modified":"2024-04-23T12:07:00","modified_gmt":"2024-04-23T12:07:00","slug":"register","status":"publish","type":"page","link":"https:\/\/nik.uni-obuda.hu\/msc-felveteli\/register\/","title":{"rendered":"Regisztr\u00e1ci\u00f3"},"content":{"rendered":"\n<div class=\"um um-register um-17\">\n\t<div class=\"um-form\" data-mode=\"register\">\n\t\t<form method=\"post\" action=\"\">\n\t\t\t<div class=\"um-row _um_row_1 \" style=\"margin: 0 0 30px 0;\"><div class=\"um-col-1\"><div  id=\"um_field_17_username\" class=\"um-field um-field-text  um-field-username um-field-text um-field-type_text\" data-key=\"username\"><div class=\"um-field-label\"><label for=\"username-17\">Email *<\/label><div class=\"um-clear\"><\/div><\/div><div class=\"um-field-area\"><input  autocomplete=\"off\" class=\"um-form-field valid \" type=\"text\" name=\"username-17\" id=\"username-17\" value=\"\" placeholder=\"\" data-validate=\"unique_email\" data-key=\"username\"  aria-invalid=\"false\" \/>\n\n\t\t\t\t\t\t<\/div><\/div><div  id=\"um_field_17_user_password\" class=\"um-field um-field-password  um-field-user_password um-field-password um-field-type_password\" data-key=\"user_password\"><div class=\"um-field-label\"><label for=\"user_password-17\">Jelsz\u00f3*<\/label><span class=\"um-tip um-tip-w\" title=\"A jelsz\u00f3nak legal\u00e1bb 8 karakter hossz\u00fanak kell lennie, \u00e9s tartalmaznia kell kisbet\u0171ket, nagybet\u0171ket \u00e9s sz\u00e1mokat!\"><i class=\"um-icon-help-circled\"><\/i><\/span><div class=\"um-clear\"><\/div><\/div><div class=\"um-field-area\"><div class=\"um-field-area-password\">\n\t\t\t\t\t\t\t\t\t<input class=\"um-form-field valid \" type=\"password\" name=\"user_password-17\" id=\"user_password-17\" value=\"\" placeholder=\"\" data-validate=\"\" data-key=\"user_password\"  aria-invalid=\"false\" \/>\n\t\t\t\t\t\t\t\t\t<span class=\"um-toggle-password\"><i class=\"um-icon-eye\"><\/i><\/span>\n\t\t\t\t\t\t\t\t<\/div>\n\t\t\t\t\t\t\t<\/div><\/div><div  id=\"um_field_17_confirm_user_password\" class=\"um-field um-field-password  um-field-user_password um-field-password um-field-type_password\" data-key=\"confirm_user_password\"><div class=\"um-field-label\"><label for=\"confirm_user_password-17\">Jelsz\u00f3 meger\u0151s\u00edt\u00e9se*<\/label><div class=\"um-clear\"><\/div><\/div><div class=\"um-field-area\"><div class=\"um-field-area-password\"><input class=\"um-form-field valid \" type=\"password\" name=\"confirm_user_password-17\" id=\"confirm_user_password-17\" value=\"\" placeholder=\"Jelsz\u00f3 meger\u0151s\u00edt\u00e9se*\" data-validate=\"\" data-key=\"confirm_user_password\"  aria-invalid=\"false\" \/><span class=\"um-toggle-password\"><i class=\"um-icon-eye\"><\/i><\/span><\/div><\/div><\/div><div  id=\"um_field_17_nev\" class=\"um-field um-field-text  um-field-nev um-field-text um-field-type_text\" data-key=\"nev\"><div class=\"um-field-label\"><label for=\"nev-17\">N\u00e9v *<\/label><div class=\"um-clear\"><\/div><\/div><div class=\"um-field-area\"><input  autocomplete=\"off\" class=\"um-form-field valid \" type=\"text\" name=\"nev-17\" id=\"nev-17\" value=\"\" placeholder=\"\" data-validate=\"\" data-key=\"nev\"  aria-invalid=\"false\" \/>\n\n\t\t\t\t\t\t<\/div><\/div><div  id=\"um_field_17_szuletesi_nev\" class=\"um-field um-field-text  um-field-szuletesi_nev um-field-text um-field-type_text\" data-key=\"szuletesi_nev\"><div class=\"um-field-label\"><label for=\"szuletesi_nev-17\">Sz\u00fclet\u00e9si n\u00e9v*<\/label><div class=\"um-clear\"><\/div><\/div><div class=\"um-field-area\"><input  autocomplete=\"off\" class=\"um-form-field valid \" type=\"text\" name=\"szuletesi_nev-17\" id=\"szuletesi_nev-17\" value=\"\" placeholder=\"\" data-validate=\"\" data-key=\"szuletesi_nev\"  aria-invalid=\"false\" \/>\n\n\t\t\t\t\t\t<\/div><\/div><div  id=\"um_field_17_szuletesi_hely\" class=\"um-field um-field-text  um-field-szuletesi_hely um-field-text um-field-type_text\" data-key=\"szuletesi_hely\"><div class=\"um-field-label\"><label for=\"szuletesi_hely-17\">Sz\u00fclet\u00e9si hely*<\/label><div class=\"um-clear\"><\/div><\/div><div class=\"um-field-area\"><input  autocomplete=\"off\" class=\"um-form-field valid \" type=\"text\" name=\"szuletesi_hely-17\" id=\"szuletesi_hely-17\" value=\"\" placeholder=\"\" data-validate=\"\" data-key=\"szuletesi_hely\"  aria-invalid=\"false\" \/>\n\n\t\t\t\t\t\t<\/div><\/div><div  id=\"um_field_17_birth_date\" class=\"um-field um-field-date  um-field-birth_date um-field-date um-field-type_date\" data-key=\"birth_date\"><div class=\"um-field-label\"><label for=\"birth_date-17\">Sz\u00fclet\u00e9si id\u0151*<\/label><div class=\"um-clear\"><\/div><\/div><div class=\"um-field-area\"><input   class=\"um-form-field valid um-datepicker \" type=\"text\" name=\"birth_date-17\" id=\"birth_date-17\" value=\"\" placeholder=\"\" data-validate=\"\" data-key=\"birth_date\" data-range=\"years\" data-years=\"115\" data-years_x=\"past\" data-disabled_weekdays=\"\" data-date_min=\"1911,5,02\" data-date_max=\"2026,5,02\" data-format=\"d mmm yyyy\" data-value=\"\"  aria-invalid=\"false\" \/>\n\n\t\t\t\t\t\t<\/div><\/div><div  id=\"um_field_17_anyja_neve\" class=\"um-field um-field-text  um-field-anyja_neve um-field-text um-field-type_text\" data-key=\"anyja_neve\"><div class=\"um-field-label\"><label for=\"anyja_neve-17\">Anyja le\u00e1nykori neve*<\/label><div class=\"um-clear\"><\/div><\/div><div class=\"um-field-area\"><input  autocomplete=\"off\" class=\"um-form-field valid \" type=\"text\" name=\"anyja_neve-17\" id=\"anyja_neve-17\" value=\"\" placeholder=\"\" data-validate=\"\" data-key=\"anyja_neve\"  aria-invalid=\"false\" \/>\n\n\t\t\t\t\t\t<\/div><\/div><div  id=\"um_field_17_bejelentett_allando_lakcime\" class=\"um-field um-field-text  um-field-bejelentett_allando_lakcime um-field-text um-field-type_text\" data-key=\"bejelentett_allando_lakcime\"><div class=\"um-field-label\"><label for=\"bejelentett_allando_lakcime-17\">Bejelentett (\u00e1lland\u00f3) lakc\u00edme*<\/label><div class=\"um-clear\"><\/div><\/div><div class=\"um-field-area\"><input  autocomplete=\"off\" class=\"um-form-field valid \" type=\"text\" name=\"bejelentett_allando_lakcime-17\" id=\"bejelentett_allando_lakcime-17\" value=\"\" placeholder=\"\" data-validate=\"\" data-key=\"bejelentett_allando_lakcime\"  aria-invalid=\"false\" \/>\n\n\t\t\t\t\t\t<\/div><\/div><div  id=\"um_field_17_tartozkodasi_cim\" class=\"um-field um-field-text  um-field-tartozkodasi_cim um-field-text um-field-type_text\" data-key=\"tartozkodasi_cim\"><div class=\"um-field-label\"><label for=\"tartozkodasi_cim-17\">Tart\u00f3zkod\u00e1si c\u00edme<\/label><div class=\"um-clear\"><\/div><\/div><div class=\"um-field-area\"><input  autocomplete=\"off\" class=\"um-form-field valid not-required \" type=\"text\" name=\"tartozkodasi_cim-17\" id=\"tartozkodasi_cim-17\" value=\"\" placeholder=\"\" data-validate=\"\" data-key=\"tartozkodasi_cim\"  aria-invalid=\"false\" \/>\n\n\t\t\t\t\t\t<\/div><\/div><div  id=\"um_field_17_ertesitesi_cim\" class=\"um-field um-field-text  um-field-ertesitesi_cim um-field-text um-field-type_text\" data-key=\"ertesitesi_cim\"><div class=\"um-field-label\"><label for=\"ertesitesi_cim-17\">\u00c9rtes\u00edt\u00e9si c\u00edm*<\/label><div class=\"um-clear\"><\/div><\/div><div class=\"um-field-area\"><input  autocomplete=\"off\" class=\"um-form-field valid \" type=\"text\" name=\"ertesitesi_cim-17\" id=\"ertesitesi_cim-17\" value=\"\" placeholder=\"\" data-validate=\"\" data-key=\"ertesitesi_cim\"  aria-invalid=\"false\" \/>\n\n\t\t\t\t\t\t<\/div><\/div><div  id=\"um_field_17_telefonszam\" class=\"um-field um-field-text  um-field-telefonszam um-field-text um-field-type_text\" data-key=\"telefonszam\"><div class=\"um-field-label\"><label for=\"telefonszam-17\">Telefonsz\u00e1m *<\/label><div class=\"um-clear\"><\/div><\/div><div class=\"um-field-area\"><input  autocomplete=\"off\" class=\"um-form-field valid \" type=\"text\" name=\"telefonszam-17\" id=\"telefonszam-17\" value=\"\" placeholder=\"\" data-validate=\"\" data-key=\"telefonszam\"  aria-invalid=\"false\" \/>\n\n\t\t\t\t\t\t<\/div><\/div><div  id=\"um_field_17_om_azonosito\" class=\"um-field um-field-text  um-field-om_azonosito um-field-text um-field-type_text\" data-key=\"om_azonosito\"><div class=\"um-field-label\"><label for=\"om_azonosito-17\">Oktat\u00e1si azonos\u00edt\u00f3*<\/label><div class=\"um-clear\"><\/div><\/div><div class=\"um-field-area\"><input  autocomplete=\"off\" class=\"um-form-field valid \" type=\"text\" name=\"om_azonosito-17\" id=\"om_azonosito-17\" value=\"\" placeholder=\"\" data-validate=\"\" data-key=\"om_azonosito\"  aria-invalid=\"false\" \/>\n\n\t\t\t\t\t\t<\/div><\/div><\/div><\/div>\t\t<input type=\"hidden\" name=\"form_id\" id=\"form_id_17\" value=\"17\" \/>\n\t\n\t<p class=\"um_request_name\">\n\t\t<label for=\"um_request_17\">Only fill in if you are not human<\/label>\n\t\t<input type=\"hidden\" name=\"um_request\" id=\"um_request_17\" class=\"input\" value=\"\" size=\"25\" autocomplete=\"off\" \/>\n\t<\/p>\n\n\t<input type=\"hidden\" id=\"_wpnonce\" name=\"_wpnonce\" value=\"cd08c8c922\" \/><input type=\"hidden\" name=\"_wp_http_referer\" value=\"\/msc-felveteli\/wp-json\/wp\/v2\/pages\/14\" \/>\n\t<div class=\"um-col-alt\">\n\n\t\t\n\t\t\t<div class=\"um-center\">\n\t\t\t\t<input type=\"submit\" value=\"Regisztr\u00e1lok\" class=\"um-button\" id=\"um-submit-btn\" \/>\n\t\t\t<\/div>\n\n\t\t\n\t\t<div class=\"um-clear\"><\/div>\n\n\t<\/div>\n\n\t\t\t<\/form>\n\t<\/div>\n<\/div>\n<style>\n\t\t\t.um-17.um {\n\t\t\tmax-width: 450px;\n\t\t}\n\t\t<\/style>\n\n","protected":false},"excerpt":{"rendered":"","protected":false},"author":1,"featured_media":0,"parent":0,"menu_order":0,"comment_status":"closed","ping_status":"closed","template":"","meta":{"ub_ctt_via":"","footnotes":""},"featured_image_src":null,"_links":{"self":[{"href":"https:\/\/nik.uni-obuda.hu\/msc-felveteli\/wp-json\/wp\/v2\/pages\/14"}],"collection":[{"href":"https:\/\/nik.uni-obuda.hu\/msc-felveteli\/wp-json\/wp\/v2\/pages"}],"about":[{"href":"https:\/\/nik.uni-obuda.hu\/msc-felveteli\/wp-json\/wp\/v2\/types\/page"}],"author":[{"embeddable":true,"href":"https:\/\/nik.uni-obuda.hu\/msc-felveteli\/wp-json\/wp\/v2\/users\/1"}],"replies":[{"embeddable":true,"href":"https:\/\/nik.uni-obuda.hu\/msc-felveteli\/wp-json\/wp\/v2\/comments?post=14"}],"version-history":[{"count":10,"href":"https:\/\/nik.uni-obuda.hu\/msc-felveteli\/wp-json\/wp\/v2\/pages\/14\/revisions"}],"predecessor-version":[{"id":107,"href":"https:\/\/nik.uni-obuda.hu\/msc-felveteli\/wp-json\/wp\/v2\/pages\/14\/revisions\/107"}],"wp:attachment":[{"href":"https:\/\/nik.uni-obuda.hu\/msc-felveteli\/wp-json\/wp\/v2\/media?parent=14"}],"curies":[{"name":"wp","href":"https:\/\/api.w.org\/{rel}","templated":true}]}}