{"id":52,"date":"2024-04-10T13:20:30","date_gmt":"2024-04-10T13:20:30","guid":{"rendered":"nik.uni-obuda.hu\/msc-felveteli\/password-reset\/"},"modified":"2024-04-12T15:37:47","modified_gmt":"2024-04-12T15:37:47","slug":"password-reset","status":"publish","type":"page","link":"https:\/\/nik.uni-obuda.hu\/msc-felveteli\/password-reset\/","title":{"rendered":"Jelsz\u00f3 vissza\u00e1ll\u00edt\u00e1sa"},"content":{"rendered":"\n<div class=\"um um-password um-um_password_id\">\n\t<div class=\"um-form\">\n\t\t<form method=\"post\" action=\"\">\n\t\t\t\n\t\t\t\t<input type=\"hidden\" name=\"_um_password_reset\" id=\"_um_password_reset\" value=\"1\" \/>\n\n\t\t\t\t\t\t\t\t\t<div class=\"um-field um-field-block um-field-type_block\">\n\t\t\t\t\t\t<div class=\"um-field-block\">\n\t\t\t\t\t\t\t<div style=\"text-align:center;\">\n\t\t\t\t\t\t\t\tJelszav\u00e1nak vissza\u00e1ll\u00edt\u00e1s\u00e1hoz k\u00e9rj\u00fck, adja meg az al\u00e1bbiakban az e-mail c\u00edm\u00e9t vagy felhaszn\u00e1l\u00f3nev\u00e9t.\t\t\t\t\t\t\t<\/div>\n\t\t\t\t\t\t<\/div>\n\t\t\t\t\t<\/div>\n\t\t\t\t<div  id=\"um_field_0_username_b\" class=\"um-field um-field-text  um-field-username_b um-field-text um-field-type_text\" data-key=\"username_b\"><div class=\"um-field-area\"><input  autocomplete=\"off\" class=\"um-form-field valid \" type=\"text\" name=\"username_b\" id=\"username_b\" value=\"\" placeholder=\"Add meg a felhaszn\u00e1l\u00f3neved vagy email c\u00edmed\" data-validate=\"\" data-key=\"username_b\"  aria-invalid=\"false\" \/>\n\n\t\t\t\t\t\t<\/div><\/div>\n\t\t\t\t<div class=\"um-col-alt um-col-alt-b\">\n\n\t\t\t\t\t<div class=\"um-center\">\n\t\t\t\t\t\t<input type=\"submit\" value=\"Jelsz\u00f3 vissza\u00e1ll\u00edt\u00e1sa\" class=\"um-button\" id=\"um-submit-btn\" \/>\n\t\t\t\t\t<\/div>\n\n\t\t\t\t\t<div class=\"um-clear\"><\/div>\n\n\t\t\t\t<\/div>\n\n\t\t\t\t\t\t<input type=\"hidden\" name=\"form_id\" id=\"form_id_um_password_id\" value=\"um_password_id\" \/>\n\t\n\t<p class=\"um_request_name\">\n\t\t<label for=\"um_request_um_password_id\">Only fill in if you are not human<\/label>\n\t\t<input type=\"hidden\" name=\"um_request\" id=\"um_request_um_password_id\" class=\"input\" value=\"\" size=\"25\" autocomplete=\"off\" \/>\n\t<\/p>\n\n\t\t\t<\/form>\n\t<\/div>\n<\/div>\n<style>\n\t\t\t.um-um_password_id.um {\n\t\t\tmax-width: 450px;\n\t\t}\n\t\t<\/style>\n\n","protected":false},"excerpt":{"rendered":"","protected":false},"author":1,"featured_media":0,"parent":0,"menu_order":0,"comment_status":"closed","ping_status":"closed","template":"","meta":{"ub_ctt_via":"","footnotes":""},"featured_image_src":null,"_links":{"self":[{"href":"https:\/\/nik.uni-obuda.hu\/msc-felveteli\/wp-json\/wp\/v2\/pages\/52"}],"collection":[{"href":"https:\/\/nik.uni-obuda.hu\/msc-felveteli\/wp-json\/wp\/v2\/pages"}],"about":[{"href":"https:\/\/nik.uni-obuda.hu\/msc-felveteli\/wp-json\/wp\/v2\/types\/page"}],"author":[{"embeddable":true,"href":"https:\/\/nik.uni-obuda.hu\/msc-felveteli\/wp-json\/wp\/v2\/users\/1"}],"replies":[{"embeddable":true,"href":"https:\/\/nik.uni-obuda.hu\/msc-felveteli\/wp-json\/wp\/v2\/comments?post=52"}],"version-history":[{"count":1,"href":"https:\/\/nik.uni-obuda.hu\/msc-felveteli\/wp-json\/wp\/v2\/pages\/52\/revisions"}],"predecessor-version":[{"id":89,"href":"https:\/\/nik.uni-obuda.hu\/msc-felveteli\/wp-json\/wp\/v2\/pages\/52\/revisions\/89"}],"wp:attachment":[{"href":"https:\/\/nik.uni-obuda.hu\/msc-felveteli\/wp-json\/wp\/v2\/media?parent=52"}],"curies":[{"name":"wp","href":"https:\/\/api.w.org\/{rel}","templated":true}]}}