{"id":8,"date":"2024-04-10T09:55:24","date_gmt":"2024-04-10T09:55:24","guid":{"rendered":"http:\/\/nik.uni-obuda.hu\/msc-felveteli\/?page_id=8"},"modified":"2024-04-30T15:07:00","modified_gmt":"2024-04-30T13:07:00","slug":"fooldal","status":"publish","type":"page","link":"https:\/\/nik.uni-obuda.hu\/msc-felveteli\/","title":{"rendered":"K\u00f6sz\u00f6ntj\u00fck MSc k\u00e9pz\u00e9sre jelentkez\u0151inket!"},"content":{"rendered":"\n<p>Nagy \u00f6r\u00f6m\u00fcnkre szolg\u00e1l, hogy \u00e9rdekl\u0151dnek k\u00e9pz\u00e9seink ir\u00e1nt. Az els\u0151 l\u00e9p\u00e9s a felv\u00e9teli elbesz\u00e9lget\u00e9sre val\u00f3 jelentkez\u00e9shez, hogy regisztr\u00e1ljanak weboldalunkon.<\/p>\n\n\n\n<p>Miut\u00e1n sikeresen regisztr\u00e1ltak, a k\u00f6vetkez\u0151 l\u00e9p\u00e9s a felv\u00e9teli elbesz\u00e9lget\u00e9sre t\u00f6rt\u00e9n\u0151 jelentkez\u00e9s. Ez az elbesz\u00e9lget\u00e9s lehet\u0151s\u00e9get biztos\u00edt az \u00d6n\u00f6k sz\u00e1m\u00e1ra, hogy bemutass\u00e1k tudom\u00e1nyos \u00e9rdekl\u0151d\u00e9s\u00fcket \u00e9s motiv\u00e1ci\u00f3jukat. Fontos tudni, hogy az elbesz\u00e9lget\u00e9s id\u0151pontja nem v\u00e1laszthat\u00f3; a regisztr\u00e1ci\u00f3 ut\u00e1n k\u00e9s\u0151bb kapnak t\u00e1j\u00e9koztat\u00e1st az \u00d6n\u00f6k sz\u00e1m\u00e1ra kijel\u00f6lt id\u0151pontr\u00f3l. K\u00e9rj\u00fck, legyenek figyelmesek az e-mailjeikre, mivel minden relev\u00e1ns inform\u00e1ci\u00f3 ezen a csatorn\u00e1n kereszt\u00fcl lesz \u00d6n\u00f6kkel k\u00f6z\u00f6lve.<\/p>\n\n\n\n<p>Tov\u00e1bb\u00e1 felh\u00edvjuk figyelm\u00fcket, hogy a jelentkez\u00e9si \u00e9s a regisztr\u00e1ci\u00f3s hat\u00e1rid\u0151k szigor\u00faan betartand\u00f3k. Minden l\u00e9nyeges inform\u00e1ci\u00f3t, bele\u00e9rtve a hat\u00e1rid\u0151ket \u00e9s a sz\u00fcks\u00e9ges dokumentumok list\u00e1j\u00e1t, megtal\u00e1lnak weboldalunkon. K\u00e9rj\u00fck, hogy a jelentkez\u00e9si \u00fatmutat\u00f3t olvass\u00e1k el figyelmesen, hogy biztos\u00edts\u00e1k hely\u00fcket az elbesz\u00e9lget\u00e9sen. Amennyiben a folyamat sor\u00e1n k\u00e9rd\u00e9seik mer\u00fcln\u00e9nek fel, k\u00e9rj\u00fck \u00edrjanak mailt a titkarsag[@]nik.uni-obuda.hu c\u00edmre.<\/p>\n\n\n\n<p>V\u00e9gezet\u00fcl szeretn\u00e9nk eml\u00e9keztetni \u00d6n\u00f6ket, hogy a sikeres regisztr\u00e1ci\u00f3 \u00e9s jelentkez\u00e9s csup\u00e1n az els\u0151 l\u00e9p\u00e9s a k\u00e9pz\u00e9si folyamatban. Az elbesz\u00e9lget\u00e9s sikeres teljes\u00edt\u00e9s\u00e9t k\u00f6vet\u0151en hivatalosan is hallgat\u00f3i lehetnek int\u00e9zm\u00e9ny\u00fcnknek, \u00e9s megkezdhetik akad\u00e9miai p\u00e1lyafut\u00e1sukat. Izgatottan v\u00e1rjuk, hogy csatlakozzanak hozz\u00e1nk \u00e9s r\u00e9szesei legyenek tudom\u00e1nyos, inspir\u00e1l\u00f3 k\u00f6z\u00f6ss\u00e9g\u00fcnknek.<\/p>\n","protected":false},"excerpt":{"rendered":"<p>Nagy \u00f6r\u00f6m\u00fcnkre szolg\u00e1l, hogy \u00e9rdekl\u0151dnek k\u00e9pz\u00e9seink ir\u00e1nt. Az els\u0151 l\u00e9p\u00e9s a felv\u00e9teli elbesz\u00e9lget\u00e9sre val\u00f3 jelentkez\u00e9shez, hogy regisztr\u00e1ljanak weboldalunkon. Miut\u00e1n sikeresen regisztr\u00e1ltak, a k\u00f6vetkez\u0151 l\u00e9p\u00e9s a felv\u00e9teli elbesz\u00e9lget\u00e9sre t\u00f6rt\u00e9n\u0151 jelentkez\u00e9s. Ez az elbesz\u00e9lget\u00e9s lehet\u0151s\u00e9get biztos\u00edt az \u00d6n\u00f6k sz\u00e1m\u00e1ra, hogy bemutass\u00e1k tudom\u00e1nyos \u00e9rdekl\u0151d\u00e9s\u00fcket \u00e9s motiv\u00e1ci\u00f3jukat. Fontos tudni, hogy az elbesz\u00e9lget\u00e9s id\u0151pontja nem v\u00e1laszthat\u00f3; a regisztr\u00e1ci\u00f3 ut\u00e1n k\u00e9s\u0151bb [&hellip;]<\/p>\n","protected":false},"author":1,"featured_media":0,"parent":0,"menu_order":0,"comment_status":"closed","ping_status":"closed","template":"","meta":{"ub_ctt_via":"","footnotes":""},"featured_image_src":null,"_links":{"self":[{"href":"https:\/\/nik.uni-obuda.hu\/msc-felveteli\/wp-json\/wp\/v2\/pages\/8"}],"collection":[{"href":"https:\/\/nik.uni-obuda.hu\/msc-felveteli\/wp-json\/wp\/v2\/pages"}],"about":[{"href":"https:\/\/nik.uni-obuda.hu\/msc-felveteli\/wp-json\/wp\/v2\/types\/page"}],"author":[{"embeddable":true,"href":"https:\/\/nik.uni-obuda.hu\/msc-felveteli\/wp-json\/wp\/v2\/users\/1"}],"replies":[{"embeddable":true,"href":"https:\/\/nik.uni-obuda.hu\/msc-felveteli\/wp-json\/wp\/v2\/comments?post=8"}],"version-history":[{"count":7,"href":"https:\/\/nik.uni-obuda.hu\/msc-felveteli\/wp-json\/wp\/v2\/pages\/8\/revisions"}],"predecessor-version":[{"id":121,"href":"https:\/\/nik.uni-obuda.hu\/msc-felveteli\/wp-json\/wp\/v2\/pages\/8\/revisions\/121"}],"wp:attachment":[{"href":"https:\/\/nik.uni-obuda.hu\/msc-felveteli\/wp-json\/wp\/v2\/media?parent=8"}],"curies":[{"name":"wp","href":"https:\/\/api.w.org\/{rel}","templated":true}]}}