{"id":6,"date":"2019-08-13T07:11:45","date_gmt":"2019-08-13T07:11:45","guid":{"rendered":"http:\/\/to.nik.uni-obuda.hu\/?page_id=6"},"modified":"2026-01-21T12:12:16","modified_gmt":"2026-01-21T12:12:16","slug":"targyleirasok","status":"publish","type":"page","link":"https:\/\/nik.uni-obuda.hu\/targyleirasok\/","title":{"rendered":"T\u00e1rgyle\u00edr\u00e1sok"},"content":{"rendered":"        <div class=\"tantargy-szuro-wrapper\" data-lang=\"hu\">\n            <form class=\"tantargy-szuro-form\" method=\"get\" action=\"https:\/\/nik.uni-obuda.hu\/targyleirasok\/\">\n                                <div class=\"tantargy-szuro-fields\">\n                    <div class=\"tantargy-szuro-field tantargy-szuro-search\">\n                        <input type=\"text\" \n                               name=\"tantargy_search\" \n                               value=\"\" \n                               placeholder=\"T\u00e1rgyn\u00e9v vagy t\u00e1rgyk\u00f3d\">\n                    <\/div>\n\n                    <div class=\"tantargy-szuro-field\">\n                        <select name=\"filter_felev\">\n                            <option value=\"\">Minden f\u00e9l\u00e9v<\/option>\n                                                            <option value=\"2025-26-2\" >\n                                    2025\/26\/2 (283)                                <\/option>\n                                                            <option value=\"2025-26-1\" >\n                                    2025\/26\/1 (123)                                <\/option>\n                                                            <option value=\"2024-25-2\" >\n                                    2024\/25\/2 (99)                                <\/option>\n                                                            <option value=\"2024-25-1\" >\n                                    2024\/25\/1 (105)                                <\/option>\n                                                            <option value=\"2023-24-2\" >\n                                    2023\/24\/2 (85)                                <\/option>\n                                                            <option value=\"2023-24-1\" >\n                                    2023\/24\/1 (103)                                <\/option>\n                                                            <option value=\"2022-23-2\" >\n                                    2022\/23\/2 (144)                                <\/option>\n                                                            <option value=\"2022-23-1\" >\n                                    2022\/23\/1 (161)                                <\/option>\n                                                            <option value=\"2021-22-2\" >\n                                    2021\/22\/2 (121)                                <\/option>\n                                                            <option value=\"2021-22-1\" >\n                                    2021\/22\/1 (102)                                <\/option>\n                                                            <option value=\"2020-21-2\" >\n                                    2020\/21\/2 (119)                                <\/option>\n                                                            <option value=\"2020-21-1\" >\n                                    2020\/21\/1 (91)                                <\/option>\n                                                            <option value=\"2019-20-2\" >\n                                    2019\/20\/2 (93)                                <\/option>\n                                                            <option value=\"2019-20-1\" >\n                                    2019\/20\/1 (47)                                <\/option>\n                                                            <option value=\"2018-19-2\" >\n                                    2018\/19\/2 (1)                                <\/option>\n                                                    <\/select>\n                    <\/div>\n\n                    <div class=\"tantargy-szuro-field\">\n                        <select name=\"filter_munkarend\">\n                            <option value=\"\">Minden munkarend<\/option>\n                                                            <option value=\"esti\" >\n                                    Esti                                <\/option>\n                                                            <option value=\"full-time\" >\n                                    Full-time                                <\/option>\n                                                            <option value=\"levelezo\" >\n                                    Levelez\u0151                                <\/option>\n                                                            <option value=\"minden-munkarend\" >\n                                    Minden munkarend                                <\/option>\n                                                            <option value=\"nappali\" >\n                                    Nappali                                <\/option>\n                                                    <\/select>\n                    <\/div>\n\n                    <div class=\"tantargy-szuro-field\">\n                        <select name=\"filter_kepzesi_szint\">\n                            <option value=\"\">Minden k\u00e9pz\u00e9si szint<\/option>\n                                                            <option value=\"bprof\" >\n                                    BProf                                <\/option>\n                                                            <option value=\"bsc\" >\n                                    BSc                                <\/option>\n                                                            <option value=\"minden-kepzes\" >\n                                    Minden k\u00e9pz\u00e9s                                <\/option>\n                                                            <option value=\"msc\" >\n                                    MSc                                <\/option>\n                                                            <option value=\"szakmernok\" >\n                                    szakm\u00e9rn\u00f6k                                <\/option>\n                                                    <\/select>\n                    <\/div>\n                <\/div>\n\n                <div class=\"tantargy-szuro-submit\">\n                    <button type=\"submit\">Keres\u00e9s<\/button>\n                <\/div>\n            <\/form>\n\n            <div class=\"tantargy-szuro-results\">\n                                    <div class=\"tantargy-page-info\">\n                        Oldal: 1 \/ 170                    <\/div>\n                    <ul class=\"tantargy-list\">\n                                                                                <li class=\"tantargy-item\">\n                                <a href=\"https:\/\/nik.uni-obuda.hu\/targyleirasok\/tantargyak\/a-3d-jatekfejlesztes-alapjai-unity-ben\/\" class=\"tantargy-link\">\n                                    <span class=\"tantargy-title\">A 3D j\u00e1t\u00e9kfejleszt\u00e9s alapjai Unity-ben<\/span>\n                                                                            <span class=\"tantargy-kod\">(NBVJF1HBNF)<\/span>\n                                                                    <\/a>\n                                <div class=\"tantargy-meta\">\n                                                                    <\/div>\n                            <\/li>\n                                                                                <li class=\"tantargy-item\">\n                                <a href=\"https:\/\/nik.uni-obuda.hu\/targyleirasok\/tantargyak\/a-3d-jatekfejlesztes-alapjai-unity-ben-2\/\" class=\"tantargy-link\">\n                                    <span class=\"tantargy-title\">A 3D j\u00e1t\u00e9kfejleszt\u00e9s alapjai Unity-ben<\/span>\n                                                                            <span class=\"tantargy-kod\">(NBVJF1HMLF)<\/span>\n                                                                    <\/a>\n                                <div class=\"tantargy-meta\">\n                                    <span class=\"meta-felev\">2025\/26\/2<\/span> <span class=\"meta-separator\">|<\/span> <span class=\"meta-munkarend\">Levelez\u0151<\/span> <span class=\"meta-separator\">|<\/span> <span class=\"meta-kepzesi-szint\">BSc<\/span>                                <\/div>\n                            <\/li>\n                                                                                <li class=\"tantargy-item\">\n                                <a href=\"https:\/\/nik.uni-obuda.hu\/targyleirasok\/tantargyak\/a-kvantumszamitas-alapjai\/\" class=\"tantargy-link\">\n                                    <span class=\"tantargy-title\">A kvantumsz\u00e1m\u00edt\u00e1s alapjai<\/span>\n                                                                            <span class=\"tantargy-kod\">(NSVKA1HBNE)<\/span>\n                                                                    <\/a>\n                                <div class=\"tantargy-meta\">\n                                    <span class=\"meta-felev\">2022\/23\/1<\/span> <span class=\"meta-separator\">|<\/span> <span class=\"meta-munkarend\">Nappali<\/span> <span class=\"meta-separator\">|<\/span> <span class=\"meta-kepzesi-szint\">BSc<\/span>                                <\/div>\n                            <\/li>\n                                                                                <li class=\"tantargy-item\">\n                                <a href=\"https:\/\/nik.uni-obuda.hu\/targyleirasok\/tantargyak\/a-kvantumszamitas-alapjai-2\/\" class=\"tantargy-link\">\n                                    <span class=\"tantargy-title\">A kvantumsz\u00e1m\u00edt\u00e1s alapjai<\/span>\n                                                                            <span class=\"tantargy-kod\">(NSVKA1HBNE)<\/span>\n                                                                    <\/a>\n                                <div class=\"tantargy-meta\">\n                                    <span class=\"meta-felev\">2022\/23\/1<\/span> <span class=\"meta-separator\">|<\/span> <span class=\"meta-munkarend\">Nappali<\/span> <span class=\"meta-separator\">|<\/span> <span class=\"meta-kepzesi-szint\">MSc<\/span>                                <\/div>\n                            <\/li>\n                                                                                <li class=\"tantargy-item\">\n                                <a href=\"https:\/\/nik.uni-obuda.hu\/targyleirasok\/tantargyak\/a-kvantumszamitas-alapjai-3\/\" class=\"tantargy-link\">\n                                    <span class=\"tantargy-title\">A kvantumsz\u00e1m\u00edt\u00e1s alapjai<\/span>\n                                                                            <span class=\"tantargy-kod\">(NSVKA1HBNE)<\/span>\n                                                                    <\/a>\n                                <div class=\"tantargy-meta\">\n                                    <span class=\"meta-felev\">2022\/23\/1<\/span>                                <\/div>\n                            <\/li>\n                                                                                <li class=\"tantargy-item\">\n                                <a href=\"https:\/\/nik.uni-obuda.hu\/targyleirasok\/tantargyak\/a-kvantumszamitas-alapjai-4\/\" class=\"tantargy-link\">\n                                    <span class=\"tantargy-title\">A kvantumsz\u00e1m\u00edt\u00e1s alapjai<\/span>\n                                                                            <span class=\"tantargy-kod\">(NSVKA1HBNE)<\/span>\n                                                                    <\/a>\n                                <div class=\"tantargy-meta\">\n                                    <span class=\"meta-felev\">2022\/23\/1<\/span>                                <\/div>\n                            <\/li>\n                                                                                <li class=\"tantargy-item\">\n                                <a href=\"https:\/\/nik.uni-obuda.hu\/targyleirasok\/tantargyak\/adatbazis-es-big-data-technologiak-7\/\" class=\"tantargy-link\">\n                                    <span class=\"tantargy-title\">Adatb\u00e1zis \u00e9s Big Data technol\u00f3gi\u00e1k<\/span>\n                                                                            <span class=\"tantargy-kod\">(NIXAB1HMEE)<\/span>\n                                                                    <\/a>\n                                <div class=\"tantargy-meta\">\n                                    <span class=\"meta-felev\">2023\/24\/1<\/span> <span class=\"meta-separator\">|<\/span> <span class=\"meta-munkarend\">Esti<\/span> <span class=\"meta-separator\">|<\/span> <span class=\"meta-kepzesi-szint\">MSc<\/span>                                <\/div>\n                            <\/li>\n                                                                                <li class=\"tantargy-item\">\n                                <a href=\"https:\/\/nik.uni-obuda.hu\/targyleirasok\/tantargyak\/adatbazis-es-big-data-technologiak-8\/\" class=\"tantargy-link\">\n                                    <span class=\"tantargy-title\">Adatb\u00e1zis \u00e9s Big Data technol\u00f3gi\u00e1k<\/span>\n                                                                            <span class=\"tantargy-kod\">(NIXAB1HMNE)<\/span>\n                                                                    <\/a>\n                                <div class=\"tantargy-meta\">\n                                    <span class=\"meta-felev\">2023\/24\/1<\/span> <span class=\"meta-separator\">|<\/span> <span class=\"meta-munkarend\">Nappali<\/span> <span class=\"meta-separator\">|<\/span> <span class=\"meta-kepzesi-szint\">MSc<\/span>                                <\/div>\n                            <\/li>\n                                                                                <li class=\"tantargy-item\">\n                                <a href=\"https:\/\/nik.uni-obuda.hu\/targyleirasok\/tantargyak\/adatbazis-es-big-data-technologiak-10\/\" class=\"tantargy-link\">\n                                    <span class=\"tantargy-title\">Adatb\u00e1zis \u00e9s Big Data technol\u00f3gi\u00e1k<\/span>\n                                                                            <span class=\"tantargy-kod\">(NKXAB1HMLF)<\/span>\n                                                                    <\/a>\n                                <div class=\"tantargy-meta\">\n                                    <span class=\"meta-felev\">2025\/26\/1<\/span> <span class=\"meta-separator\">|<\/span> <span class=\"meta-munkarend\">Levelez\u0151<\/span> <span class=\"meta-separator\">|<\/span> <span class=\"meta-kepzesi-szint\">MSc<\/span>                                <\/div>\n                            <\/li>\n                                                                                <li class=\"tantargy-item\">\n                                <a href=\"https:\/\/nik.uni-obuda.hu\/targyleirasok\/tantargyak\/adatbazis-es-big-data-technologiak-11\/\" class=\"tantargy-link\">\n                                    <span class=\"tantargy-title\">Adatb\u00e1zis \u00e9s Big Data Technol\u00f3gi\u00e1k<\/span>\n                                                                            <span class=\"tantargy-kod\">(NKXAB1HMNF)<\/span>\n                                                                    <\/a>\n                                <div class=\"tantargy-meta\">\n                                    <span class=\"meta-felev\">2025\/26\/1<\/span> <span class=\"meta-separator\">|<\/span> <span class=\"meta-munkarend\">Nappali<\/span> <span class=\"meta-separator\">|<\/span> <span class=\"meta-kepzesi-szint\">MSc<\/span>                                <\/div>\n                            <\/li>\n                                            <\/ul>\n\n                                            <div class=\"tantargy-pagination\">\n                            \n                                                                <span class=\"page-link current\">1<\/span>\n                                                                    <a href=\"\/targyleirasok\/wp-json\/wp\/v2\/pages\/6?tpage=2\" class=\"page-link\">\n                                        2                                    <\/a>\n                                                                    <a href=\"\/targyleirasok\/wp-json\/wp\/v2\/pages\/6?tpage=3\" class=\"page-link\">\n                                        3                                    <\/a>\n                                <span class=\"page-dots\">...<\/span><a href=\"\/targyleirasok\/wp-json\/wp\/v2\/pages\/6?tpage=170\" class=\"page-link\">170<\/a>\n                                                            <a href=\"\/targyleirasok\/wp-json\/wp\/v2\/pages\/6?tpage=2\" class=\"page-link next\">\n                                    K\u00f6vetkez\u0151 &raquo;\n                                <\/a>\n                                                    <\/div>\n                    \n                \n                            <\/div>\n        <\/div>\n        \n\n\n\n<p><\/p>\n","protected":false},"excerpt":{"rendered":"","protected":false},"author":1,"featured_media":0,"parent":0,"menu_order":0,"comment_status":"closed","ping_status":"closed","template":"","meta":{"_acf_changed":false,"footnotes":""},"class_list":["post-6","page","type-page","status-publish","hentry"],"acf":[],"_links":{"self":[{"href":"https:\/\/nik.uni-obuda.hu\/targyleirasok\/wp-json\/wp\/v2\/pages\/6","targetHints":{"allow":["GET"]}}],"collection":[{"href":"https:\/\/nik.uni-obuda.hu\/targyleirasok\/wp-json\/wp\/v2\/pages"}],"about":[{"href":"https:\/\/nik.uni-obuda.hu\/targyleirasok\/wp-json\/wp\/v2\/types\/page"}],"author":[{"embeddable":true,"href":"https:\/\/nik.uni-obuda.hu\/targyleirasok\/wp-json\/wp\/v2\/users\/1"}],"replies":[{"embeddable":true,"href":"https:\/\/nik.uni-obuda.hu\/targyleirasok\/wp-json\/wp\/v2\/comments?post=6"}],"version-history":[{"count":10,"href":"https:\/\/nik.uni-obuda.hu\/targyleirasok\/wp-json\/wp\/v2\/pages\/6\/revisions"}],"predecessor-version":[{"id":6914,"href":"https:\/\/nik.uni-obuda.hu\/targyleirasok\/wp-json\/wp\/v2\/pages\/6\/revisions\/6914"}],"wp:attachment":[{"href":"https:\/\/nik.uni-obuda.hu\/targyleirasok\/wp-json\/wp\/v2\/media?parent=6"}],"curies":[{"name":"wp","href":"https:\/\/api.w.org\/{rel}","templated":true}]}}