{"id":11,"date":"2021-06-14T08:33:43","date_gmt":"2021-06-14T08:33:43","guid":{"rendered":"https:\/\/nik.uni-obuda.hu\/tdk\/?page_id=11"},"modified":"2025-12-04T09:15:13","modified_gmt":"2025-12-04T09:15:13","slug":"the-new-umoma-opens-its-doors","status":"publish","type":"page","link":"https:\/\/nik.uni-obuda.hu\/tdk\/","title":{"rendered":"Kezd\u0151lap"},"content":{"rendered":"\n<div class=\"wp-block-group alignwide\"><div class=\"wp-block-group__inner-container is-layout-flow wp-block-group-is-layout-flow\">\n<h2 class=\"wp-block-heading has-text-align-center\">Neumann J\u00e1nos Informatikai Kar TDK port\u00e1l<\/h2>\n\n\n\n<p class=\"has-text-align-center\">A NIK TDK port\u00e1l c\u00e9lja, hogy minden a TDK-val kapcsolatos inform\u00e1ci\u00f3t egy helyen \u00f6sszefoglaljon, els\u0151sorban kari szinten de term\u00e9szetesen \u00e1ltal\u00e1nos \u00e9rv\u00e9ny\u0171 inform\u00e1ci\u00f3k is fellelhet\u0151k. Ebbe beletartoznak a hallgat\u00f3k (\u00e9s t\u00e9mavezet\u0151j\u00fck) \u00e1ltal elk\u00e9sz\u00edtett p\u00e1lyamunk\u00e1k, melyek nagyon sok esetben m\u00e9g orsz\u00e1gos szinten is kiemelked\u0151 helyen v\u00e9geznek az OTDK keretein bel\u00fcl vagy tudom\u00e1nyos publik\u00e1ci\u00f3k form\u00e1j\u00e1ban.<\/p>\n\n\n\n<div style=\"height:100px\" aria-hidden=\"true\" class=\"wp-block-spacer\"><\/div>\n\n\n\n<h1 class=\"wp-block-heading has-text-align-center\">T\u00e1mogat\u00f3ink<\/h1>\n\n\n\n<p><\/p>\n\n\n\n<h2 class=\"wp-block-heading has-text-align-center\">Gy\u00e9m\u00e1nt fokozat\u00fa, kiemelt t\u00e1mogat\u00f3ink<\/h2>\n\n\n\n<div class=\"wp-block-columns is-layout-flex wp-container-core-columns-is-layout-9d6595d7 wp-block-columns-is-layout-flex\">\n<div class=\"wp-block-column is-layout-flow wp-block-column-is-layout-flow\"><div class=\"wp-block-image\">\n<figure class=\"aligncenter size-full is-resized\"><img loading=\"lazy\" decoding=\"async\" width=\"961\" height=\"344\" src=\"https:\/\/nik.uni-obuda.hu\/tdk\/wp-content\/uploads\/2025\/12\/image-1.png\" alt=\"\" class=\"wp-image-866\" style=\"aspect-ratio:2.793686123097888;width:835px;height:auto\" srcset=\"https:\/\/nik.uni-obuda.hu\/tdk\/wp-content\/uploads\/2025\/12\/image-1.png 961w, https:\/\/nik.uni-obuda.hu\/tdk\/wp-content\/uploads\/2025\/12\/image-1-300x107.png 300w, https:\/\/nik.uni-obuda.hu\/tdk\/wp-content\/uploads\/2025\/12\/image-1-768x275.png 768w\" sizes=\"auto, (max-width: 961px) 100vw, 961px\" \/><\/figure>\n<\/div>\n\n\n<div style=\"height:49px\" aria-hidden=\"true\" class=\"wp-block-spacer\"><\/div>\n<\/div>\n<\/div>\n\n\n\n<h2 class=\"wp-block-heading has-text-align-center\">Ez\u00fcst fokozat\u00f3 t\u00e1mogat\u00f3nk<\/h2>\n\n\n<div class=\"wp-block-image\">\n<figure class=\"aligncenter size-full is-resized\"><img loading=\"lazy\" decoding=\"async\" width=\"572\" height=\"220\" src=\"https:\/\/nik.uni-obuda.hu\/tdk\/wp-content\/uploads\/2025\/12\/image-2.png\" alt=\"\" class=\"wp-image-871\" style=\"aspect-ratio:2.600113644434974;width:300px;height:auto\" srcset=\"https:\/\/nik.uni-obuda.hu\/tdk\/wp-content\/uploads\/2025\/12\/image-2.png 572w, https:\/\/nik.uni-obuda.hu\/tdk\/wp-content\/uploads\/2025\/12\/image-2-300x115.png 300w\" sizes=\"auto, (max-width: 572px) 100vw, 572px\" \/><\/figure>\n<\/div>\n\n\n<div style=\"height:100px\" aria-hidden=\"true\" class=\"wp-block-spacer\"><\/div>\n\n\n\n<hr class=\"wp-block-separator has-css-opacity\"\/>\n\n\n\n<p><\/p>\n<\/div><\/div>\n\n\n\n<div class=\"wp-block-columns is-layout-flex wp-container-core-columns-is-layout-9d6595d7 wp-block-columns-is-layout-flex\">\n<div class=\"wp-block-column is-layout-flow wp-block-column-is-layout-flow\">\n<figure class=\"wp-block-image size-large is-style-default rounded-img-corner\"><img loading=\"lazy\" decoding=\"async\" width=\"2560\" height=\"1440\" src=\"https:\/\/nik.uni-obuda.hu\/tdk\/wp-content\/uploads\/2021\/06\/DSC_6081-edited-scaled.jpg\" alt=\"\" class=\"wp-image-253\" srcset=\"https:\/\/nik.uni-obuda.hu\/tdk\/wp-content\/uploads\/2021\/06\/DSC_6081-edited-scaled.jpg 2560w, https:\/\/nik.uni-obuda.hu\/tdk\/wp-content\/uploads\/2021\/06\/DSC_6081-edited-300x169.jpg 300w, https:\/\/nik.uni-obuda.hu\/tdk\/wp-content\/uploads\/2021\/06\/DSC_6081-edited-1024x576.jpg 1024w, https:\/\/nik.uni-obuda.hu\/tdk\/wp-content\/uploads\/2021\/06\/DSC_6081-edited-768x432.jpg 768w, https:\/\/nik.uni-obuda.hu\/tdk\/wp-content\/uploads\/2021\/06\/DSC_6081-edited-1536x864.jpg 1536w, https:\/\/nik.uni-obuda.hu\/tdk\/wp-content\/uploads\/2021\/06\/DSC_6081-edited-2048x1152.jpg 2048w\" sizes=\"auto, (max-width: 2560px) 100vw, 2560px\" \/><\/figure>\n<\/div>\n\n\n\n<div class=\"wp-block-column is-layout-flow wp-block-column-is-layout-flow\">\n<h3 class=\"wp-block-heading\">OTDK eredm\u00e9nyek<\/h3>\n\n\n\n<p>A Neumann J\u00e1nos Informatikai Kar hallgat\u00f3i \u00e1ltal el\u00e9rt OTDK eredm\u00e9nyek, az elm\u00falt 20 \u00e9vb\u0151l, \u00f6sszefogva, egy helyen.<\/p>\n\n\n\n<div class=\"wp-block-buttons is-layout-flex wp-block-buttons-is-layout-flex\">\n<div class=\"wp-block-button has-custom-width wp-block-button__width-100 is-style-outline is-style-outline--1\"><a class=\"wp-block-button__link wp-element-button\" href=\"https:\/\/nik.uni-obuda.hu\/tdk\/otdk-eredmenyek\/\" style=\"border-radius:5px\" target=\"_blank\" rel=\"noreferrer noopener\">Megn\u00e9zem<\/a><\/div>\n<\/div>\n<\/div>\n<\/div>\n\n\n\n<div style=\"height:100px\" aria-hidden=\"true\" class=\"wp-block-spacer\"><\/div>\n\n\n\n<div class=\"wp-block-columns is-layout-flex wp-container-core-columns-is-layout-9d6595d7 wp-block-columns-is-layout-flex\">\n<div class=\"wp-block-column is-layout-flow wp-block-column-is-layout-flow\">\n<h3 class=\"wp-block-heading\">Kari Tudom\u00e1nyos Di\u00e1kk\u00f6ri V\u00e1ndord\u00edjak<\/h3>\n\n\n\n<p>A Neumann J\u00e1nos Informatikai Karon h\u00e1rom darab, \u00fagynevezett v\u00e1ndord\u00edj oszthat\u00f3 ki az arra \u00e9rdemes hallgat\u00f3k k\u00f6z\u00f6tt. Ezek a&nbsp;<strong>Kari N\u00edv\u00f3 D\u00edj<\/strong>,&nbsp;<strong>Kari Alkot\u00f3i D\u00edj<\/strong>, valamint a&nbsp;<strong>Kari Kreativit\u00e1s D\u00edj<\/strong>, \u00e9s 2001 \u00f3ta k\u00e9pzik r\u00e9sz\u00e9t a kari TDK \u00e9letnek.<\/p>\n\n\n\n<div class=\"wp-block-buttons is-layout-flex wp-block-buttons-is-layout-flex\">\n<div class=\"wp-block-button has-custom-width wp-block-button__width-100 is-style-outline is-style-outline--2\"><a class=\"wp-block-button__link wp-element-button\" href=\"https:\/\/nik.uni-obuda.hu\/tdk\/kari-tudomanyos-diakkori-vandordijak\/\" style=\"border-radius:5px\" target=\"_blank\" rel=\"noreferrer noopener\">Megn\u00e9zem<\/a><\/div>\n<\/div>\n<\/div>\n\n\n\n<div class=\"wp-block-column is-layout-flow wp-block-column-is-layout-flow\">\n<figure class=\"wp-block-image size-large is-style-default rounded-img-corner\"><img loading=\"lazy\" decoding=\"async\" width=\"2560\" height=\"1439\" src=\"https:\/\/nik.uni-obuda.hu\/tdk\/wp-content\/uploads\/2021\/06\/IMG_20210622_110208-edited-scaled.jpg\" alt=\"\" class=\"wp-image-315\" srcset=\"https:\/\/nik.uni-obuda.hu\/tdk\/wp-content\/uploads\/2021\/06\/IMG_20210622_110208-edited-scaled.jpg 2560w, https:\/\/nik.uni-obuda.hu\/tdk\/wp-content\/uploads\/2021\/06\/IMG_20210622_110208-edited-300x169.jpg 300w, https:\/\/nik.uni-obuda.hu\/tdk\/wp-content\/uploads\/2021\/06\/IMG_20210622_110208-edited-1024x576.jpg 1024w, https:\/\/nik.uni-obuda.hu\/tdk\/wp-content\/uploads\/2021\/06\/IMG_20210622_110208-edited-768x432.jpg 768w, https:\/\/nik.uni-obuda.hu\/tdk\/wp-content\/uploads\/2021\/06\/IMG_20210622_110208-edited-1536x863.jpg 1536w, https:\/\/nik.uni-obuda.hu\/tdk\/wp-content\/uploads\/2021\/06\/IMG_20210622_110208-edited-2048x1151.jpg 2048w\" sizes=\"auto, (max-width: 2560px) 100vw, 2560px\" \/><\/figure>\n<\/div>\n<\/div>\n\n\n\n<div style=\"height:100px\" aria-hidden=\"true\" class=\"wp-block-spacer\"><\/div>\n\n\n\n<div class=\"wp-block-columns is-layout-flex wp-container-core-columns-is-layout-9d6595d7 wp-block-columns-is-layout-flex\">\n<div class=\"wp-block-column is-layout-flow wp-block-column-is-layout-flow\">\n<figure class=\"wp-block-image size-large is-style-default rounded-img-corner\"><img loading=\"lazy\" decoding=\"async\" width=\"2560\" height=\"1440\" src=\"https:\/\/nik.uni-obuda.hu\/tdk\/wp-content\/uploads\/2021\/06\/write-edited-scaled.jpg\" alt=\"\" class=\"wp-image-340\" srcset=\"https:\/\/nik.uni-obuda.hu\/tdk\/wp-content\/uploads\/2021\/06\/write-edited-scaled.jpg 2560w, https:\/\/nik.uni-obuda.hu\/tdk\/wp-content\/uploads\/2021\/06\/write-edited-300x169.jpg 300w, https:\/\/nik.uni-obuda.hu\/tdk\/wp-content\/uploads\/2021\/06\/write-edited-1024x576.jpg 1024w, https:\/\/nik.uni-obuda.hu\/tdk\/wp-content\/uploads\/2021\/06\/write-edited-768x432.jpg 768w, https:\/\/nik.uni-obuda.hu\/tdk\/wp-content\/uploads\/2021\/06\/write-edited-1536x864.jpg 1536w, https:\/\/nik.uni-obuda.hu\/tdk\/wp-content\/uploads\/2021\/06\/write-edited-2048x1152.jpg 2048w\" sizes=\"auto, (max-width: 2560px) 100vw, 2560px\" \/><\/figure>\n<\/div>\n\n\n\n<div class=\"wp-block-column is-layout-flow wp-block-column-is-layout-flow\">\n<h3 class=\"wp-block-heading\">Hallgat\u00f3ink mondt\u00e1k<\/h3>\n\n\n\n<p>Kor\u00e1bbi TDK-kon r\u00e9sztvev\u0151 \u00e9s sikeres p\u00e1lyamunk\u00e1kat beny\u00fajt\u00f3 hallgat\u00f3nkat k\u00e9rdezt\u00fck, hogy nekik mit adott a TDK-n val\u00f3 r\u00e9szv\u00e9tel (ak\u00e1r szakmai, ak\u00e1r emberi oldalr\u00f3l) \u00e9s hogyan tudt\u00e1k az ott tapasztaltakat hasznos\u00edtani az \u00e9let egy\u00e9b ter\u00fcletein.<\/p>\n\n\n\n<div class=\"wp-block-buttons is-layout-flex wp-block-buttons-is-layout-flex\">\n<div class=\"wp-block-button has-custom-width wp-block-button__width-100 is-style-outline is-style-outline--3\"><a class=\"wp-block-button__link wp-element-button\" href=\"https:\/\/nik.uni-obuda.hu\/tdk\/hallgatoink-mondtak\/\" style=\"border-radius:5px\" target=\"_blank\" rel=\"noreferrer noopener\">Megn\u00e9zem<\/a><\/div>\n<\/div>\n<\/div>\n<\/div>\n\n\n\n<div style=\"height:100px\" aria-hidden=\"true\" class=\"wp-block-spacer\"><\/div>\n\n\n\n<div class=\"wp-block-columns is-layout-flex wp-container-core-columns-is-layout-9d6595d7 wp-block-columns-is-layout-flex\">\n<div class=\"wp-block-column is-layout-flow wp-block-column-is-layout-flow\">\n<h3 class=\"wp-block-heading\">50. TDK<\/h3>\n\n\n\n<p>Az \u00d3budai Egyetem Tudom\u00e1nyos Di\u00e1kk\u00f6ri Tan\u00e1csa a Magyar Tudom\u00e1ny \u00dcnnepe rendezv\u00e9nysorozat r\u00e9szek\u00e9nt szervezte az 50. Tudom\u00e1nyos Di\u00e1kk\u00f6ri Konferenci\u00e1j\u00e1t (TDK) 2019 novemberben. Az esem\u00e9ny \u00fcnnep\u00e9lyes eredm\u00e9nyhirdet\u00e9s\u00e9t Int\u00e9zm\u00e9ny\u00fcnk B\u00e9csi \u00fati \u00e9p\u00fclet\u00e9ben tartott\u00e1k november 25-\u00e9n.&nbsp;<strong>A TDK m\u00e9rlege: 200 hallgat\u00f3 160 kiv\u00e1l\u00f3 dolgozatot ny\u00fajtott be.<\/strong><\/p>\n\n\n\n<div class=\"wp-block-buttons is-layout-flex wp-block-buttons-is-layout-flex\">\n<div class=\"wp-block-button has-custom-width wp-block-button__width-100 is-style-outline is-style-outline--4\"><a class=\"wp-block-button__link wp-element-button\" href=\"https:\/\/nik.uni-obuda.hu\/tdk\/50-tdk\/\" style=\"border-radius:5px\" target=\"_blank\" rel=\"noreferrer noopener\">Megn\u00e9zem<\/a><\/div>\n<\/div>\n<\/div>\n\n\n\n<div class=\"wp-block-column is-layout-flow wp-block-column-is-layout-flow\">\n<figure class=\"wp-block-image size-large is-style-default rounded-img-corner\"><img loading=\"lazy\" decoding=\"async\" width=\"1271\" height=\"715\" src=\"https:\/\/nik.uni-obuda.hu\/tdk\/wp-content\/uploads\/2021\/06\/50tdk-copy-edited.png\" alt=\"\" class=\"wp-image-316\" srcset=\"https:\/\/nik.uni-obuda.hu\/tdk\/wp-content\/uploads\/2021\/06\/50tdk-copy-edited.png 1271w, https:\/\/nik.uni-obuda.hu\/tdk\/wp-content\/uploads\/2021\/06\/50tdk-copy-edited-300x169.png 300w, https:\/\/nik.uni-obuda.hu\/tdk\/wp-content\/uploads\/2021\/06\/50tdk-copy-edited-1024x576.png 1024w, https:\/\/nik.uni-obuda.hu\/tdk\/wp-content\/uploads\/2021\/06\/50tdk-copy-edited-768x432.png 768w\" sizes=\"auto, (max-width: 1271px) 100vw, 1271px\" \/><\/figure>\n<\/div>\n<\/div>\n\n\n\n<div style=\"height:100px\" aria-hidden=\"true\" class=\"wp-block-spacer\"><\/div>\n\n\n\n<p><\/p>\n","protected":false},"excerpt":{"rendered":"<p>Neumann J\u00e1nos Informatikai Kar TDK port\u00e1l A NIK TDK port\u00e1l c\u00e9lja, hogy minden a TDK-val kapcsolatos inform\u00e1ci\u00f3t egy helyen \u00f6sszefoglaljon, els\u0151sorban kari szinten de term\u00e9szetesen \u00e1ltal\u00e1nos \u00e9rv\u00e9ny\u0171 inform\u00e1ci\u00f3k is fellelhet\u0151k. Ebbe beletartoznak a hallgat\u00f3k (\u00e9s t\u00e9mavezet\u0151j\u00fck) \u00e1ltal elk\u00e9sz\u00edtett p\u00e1lyamunk\u00e1k, melyek nagyon sok esetben m\u00e9g orsz\u00e1gos szinten is kiemelked\u0151 helyen v\u00e9geznek az OTDK keretein bel\u00fcl vagy &#8230; <a title=\"Kezd\u0151lap\" class=\"read-more\" href=\"https:\/\/nik.uni-obuda.hu\/tdk\/\" aria-label=\"Tov\u00e1bbiak Kezd\u0151lap\">Olvass tov\u00e1bb<\/a><\/p>\n","protected":false},"author":1,"featured_media":82,"parent":0,"menu_order":0,"comment_status":"closed","ping_status":"closed","template":"","meta":{"_lmt_disableupdate":"","_lmt_disable":"","footnotes":""},"class_list":["post-11","page","type-page","status-publish","has-post-thumbnail"],"_links":{"self":[{"href":"https:\/\/nik.uni-obuda.hu\/tdk\/wp-json\/wp\/v2\/pages\/11","targetHints":{"allow":["GET"]}}],"collection":[{"href":"https:\/\/nik.uni-obuda.hu\/tdk\/wp-json\/wp\/v2\/pages"}],"about":[{"href":"https:\/\/nik.uni-obuda.hu\/tdk\/wp-json\/wp\/v2\/types\/page"}],"author":[{"embeddable":true,"href":"https:\/\/nik.uni-obuda.hu\/tdk\/wp-json\/wp\/v2\/users\/1"}],"replies":[{"embeddable":true,"href":"https:\/\/nik.uni-obuda.hu\/tdk\/wp-json\/wp\/v2\/comments?post=11"}],"version-history":[{"count":144,"href":"https:\/\/nik.uni-obuda.hu\/tdk\/wp-json\/wp\/v2\/pages\/11\/revisions"}],"predecessor-version":[{"id":874,"href":"https:\/\/nik.uni-obuda.hu\/tdk\/wp-json\/wp\/v2\/pages\/11\/revisions\/874"}],"wp:featuredmedia":[{"embeddable":true,"href":"https:\/\/nik.uni-obuda.hu\/tdk\/wp-json\/wp\/v2\/media\/82"}],"wp:attachment":[{"href":"https:\/\/nik.uni-obuda.hu\/tdk\/wp-json\/wp\/v2\/media?parent=11"}],"curies":[{"name":"wp","href":"https:\/\/api.w.org\/{rel}","templated":true}]}}