{"id":6,"date":"2021-06-14T08:33:43","date_gmt":"2021-06-14T08:33:43","guid":{"rendered":"https:\/\/nik.uni-obuda.hu\/tdk\/?page_id=6"},"modified":"2023-06-23T19:29:06","modified_gmt":"2023-06-23T19:29:06","slug":"a-tdk-rol","status":"publish","type":"page","link":"https:\/\/nik.uni-obuda.hu\/tdk\/a-tdk-rol\/","title":{"rendered":"A TDK-r\u00f3l"},"content":{"rendered":"\n<p>A tudom\u00e1nyos di\u00e1kk\u00f6r c\u00e9lja a k\u00f6telez\u0151 tananyaggal kapcsolatos tudom\u00e1nyos ismeretek elm\u00e9ly\u00edt\u00e9se, b\u0151v\u00edt\u00e9se, a tudom\u00e1nyos ig\u00e9ny\u0171 \u00f6nk\u00e9pz\u00e9s, a k\u00e9pz\u00e9si k\u00f6vetelm\u00e9nyeket, a tantervi k\u00f6telezetts\u00e9get meghalad\u00f3 tud\u00e1s elsaj\u00e1t\u00edt\u00e1sa, az alkot\u00f3k\u00e9szs\u00e9g kifejleszt\u00e9se, a hallgat\u00f3k bevon\u00e1sa a tudom\u00e1nyos kutat\u00e1sba, tov\u00e1bb\u00e1 a di\u00e1kk\u00f6ri munka sor\u00e1n el\u00e9rt egy\u00e9ni eredm\u00e9nyek szakmai nyilv\u00e1noss\u00e1g\u00e1nak \u00e9s meg\u00edt\u00e9l\u00e9s\u00e9nek biztos\u00edt\u00e1sa, hasznos\u00edt\u00e1s\u00e1nak el\u0151seg\u00edt\u00e9se.<\/p>\n\n\n\n<p>A tudom\u00e1nyos di\u00e1kk\u00f6r\u00f6kben a hallgat\u00f3k kutat\u00f3munk\u00e1t folytatnak, amelynek eredm\u00e9nyeit p\u00e1lyamunk\u00e1ban \u00f6sszegzik. Az \u00edgy l\u00e9trehozott alkot\u00e1sokat a fels\u0151oktat\u00e1si int\u00e9zm\u00e9nyekben tudom\u00e1nyos di\u00e1kk\u00f6ri konferenci\u00e1kon mutatj\u00e1k be.<\/p>\n\n\n\n<p>Az int\u00e9zm\u00e9nyi hallgat\u00f3i TDK konferenci\u00e1k azok a szakmai f\u00f3rumok, ahol a szakmai k\u00f6vetelm\u00e9nyeknek \u00e9s elv\u00e1r\u00e1soknak megfelel\u0151 dolgozatokat kiv\u00e1lasztj\u00e1k \u00e9s aj\u00e1nlj\u00e1k az Orsz\u00e1gos Tudom\u00e1nyos Di\u00e1kk\u00f6ri Konferenci\u00e1n val\u00f3 ismertet\u00e9sre, bemutat\u00e1sra.<\/p>\n\n\n<div class=\"wp-block-image is-style-default rounded-img-corner\">\n<figure class=\"aligncenter size-large is-resized\"><img loading=\"lazy\" decoding=\"async\" src=\"https:\/\/nik.uni-obuda.hu\/tdk\/wp-content\/uploads\/2023\/06\/IMG_5087-1024x683.jpg\" alt=\"\" class=\"wp-image-801\" width=\"626\" height=\"413\"\/><\/figure>\n<\/div>\n\n\n<p><strong>Mi\u00e9rt fontos?<\/strong><\/p>\n\n\n\n<ul class=\"wp-block-list\">\n<li>Kit\u0171n\u0151 tan\u00e1r-di\u00e1k egy\u00fcttm\u0171k\u00f6d\u00e9s jellemzi.<\/li>\n\n\n\n<li>Kiv\u00e1l\u00f3 tud\u00e1s\u00fa \u00e9s tapasztalatokkal rendelkez\u0151 szakemberek ker\u00fclnek ki a tudom\u00e1nyos di\u00e1kk\u00f6r\u00f6kb\u0151l.<\/li>\n\n\n\n<li>A mester \u00e9s PhD programok felv\u00e9teli k\u00f6vetelm\u00e9nye, valamint a k\u00fclf\u00f6ldi egyetemek tanulm\u00e1nyi \u00f6szt\u00f6nd\u00edjainak \u00e9s p\u00e1ly\u00e1zatainak felt\u00e9tele a tudom\u00e1nyos konferenci\u00e1kon val\u00f3 r\u00e9szv\u00e9tel.<\/li>\n\n\n\n<li>A munkaer\u0151-piacon nagyobb es\u00e9llyel p\u00e1ly\u00e1znak azon hallgat\u00f3k, akik tanulm\u00e1nyaik alatt TDK-n vettek r\u00e9szt.<\/li>\n<\/ul>\n\n\n\n<p>Forr\u00e1s:&nbsp;<a href=\"https:\/\/uni-obuda.hu\/tudomanyos-diakkor\/\" target=\"_blank\" rel=\"noreferrer noopener\">https:\/\/uni-obuda.hu\/tudomanyos-diakkor\/<\/a><\/p>\n","protected":false},"excerpt":{"rendered":"<p>A tudom\u00e1nyos di\u00e1kk\u00f6r c\u00e9lja a k\u00f6telez\u0151 tananyaggal kapcsolatos tudom\u00e1nyos ismeretek elm\u00e9ly\u00edt\u00e9se, b\u0151v\u00edt\u00e9se, a tudom\u00e1nyos ig\u00e9ny\u0171 \u00f6nk\u00e9pz\u00e9s, a k\u00e9pz\u00e9si k\u00f6vetelm\u00e9nyeket, a tantervi k\u00f6telezetts\u00e9get meghalad\u00f3 tud\u00e1s elsaj\u00e1t\u00edt\u00e1sa, az alkot\u00f3k\u00e9szs\u00e9g kifejleszt\u00e9se, a hallgat\u00f3k bevon\u00e1sa a tudom\u00e1nyos kutat\u00e1sba, tov\u00e1bb\u00e1 a di\u00e1kk\u00f6ri munka sor\u00e1n el\u00e9rt egy\u00e9ni eredm\u00e9nyek szakmai nyilv\u00e1noss\u00e1g\u00e1nak \u00e9s meg\u00edt\u00e9l\u00e9s\u00e9nek biztos\u00edt\u00e1sa, hasznos\u00edt\u00e1s\u00e1nak el\u0151seg\u00edt\u00e9se. A tudom\u00e1nyos di\u00e1kk\u00f6r\u00f6kben a hallgat\u00f3k kutat\u00f3munk\u00e1t &#8230; <a title=\"A TDK-r\u00f3l\" class=\"read-more\" href=\"https:\/\/nik.uni-obuda.hu\/tdk\/a-tdk-rol\/\" aria-label=\"Tov\u00e1bbiak A TDK-r\u00f3l\">Olvass tov\u00e1bb<\/a><\/p>\n","protected":false},"author":1,"featured_media":0,"parent":0,"menu_order":0,"comment_status":"closed","ping_status":"closed","template":"","meta":{"_lmt_disableupdate":"","_lmt_disable":"","footnotes":""},"class_list":["post-6","page","type-page","status-publish"],"_links":{"self":[{"href":"https:\/\/nik.uni-obuda.hu\/tdk\/wp-json\/wp\/v2\/pages\/6","targetHints":{"allow":["GET"]}}],"collection":[{"href":"https:\/\/nik.uni-obuda.hu\/tdk\/wp-json\/wp\/v2\/pages"}],"about":[{"href":"https:\/\/nik.uni-obuda.hu\/tdk\/wp-json\/wp\/v2\/types\/page"}],"author":[{"embeddable":true,"href":"https:\/\/nik.uni-obuda.hu\/tdk\/wp-json\/wp\/v2\/users\/1"}],"replies":[{"embeddable":true,"href":"https:\/\/nik.uni-obuda.hu\/tdk\/wp-json\/wp\/v2\/comments?post=6"}],"version-history":[{"count":19,"href":"https:\/\/nik.uni-obuda.hu\/tdk\/wp-json\/wp\/v2\/pages\/6\/revisions"}],"predecessor-version":[{"id":807,"href":"https:\/\/nik.uni-obuda.hu\/tdk\/wp-json\/wp\/v2\/pages\/6\/revisions\/807"}],"wp:attachment":[{"href":"https:\/\/nik.uni-obuda.hu\/tdk\/wp-json\/wp\/v2\/media?parent=6"}],"curies":[{"name":"wp","href":"https:\/\/api.w.org\/{rel}","templated":true}]}}