{"id":614,"date":"2022-04-19T14:49:20","date_gmt":"2022-04-19T14:49:20","guid":{"rendered":"https:\/\/nik.uni-obuda.hu\/tdk\/?page_id=614"},"modified":"2025-12-02T12:39:32","modified_gmt":"2025-12-02T12:39:32","slug":"tamogatoink","status":"publish","type":"page","link":"https:\/\/nik.uni-obuda.hu\/tdk\/tamogatoink\/","title":{"rendered":"T\u00e1mogat\u00f3ink"},"content":{"rendered":"\n<p>A Tudom\u00e1nyos Di\u00e1kk\u00f6r Konferenci\u00e1kon sz\u00e1mos olyan p\u00e1lyamunka ker\u00fcl bemutat\u00e1sra, melyek nem csak tudom\u00e1nyos, de ipari szempontb\u00f3l is hasznosak \u00e9s meg\u00e1llj\u00e1k a hely\u00fcket. T\u00e1mogat\u00f3ink olyan kiemelked\u0151 piaci szerepl\u0151k akik fontosnak tartj\u00e1k a tudom\u00e1ny \u00e9s az ipari szf\u00e9ra kapcsolat\u00e1t, valamint ezek szinergista f\u00fazi\u00f3j\u00e1t.<\/p>\n\n\n\n<div style=\"height:100px\" aria-hidden=\"true\" class=\"wp-block-spacer\"><\/div>\n\n\n\n<h1 class=\"wp-block-heading has-text-align-center\">Gy\u00e9m\u00e1nt fokozat\u00fa, kiemelt t\u00e1mogat\u00f3ink<\/h1>\n\n\n<div class=\"wp-block-image\">\n<figure class=\"aligncenter size-full\"><img loading=\"lazy\" decoding=\"async\" width=\"961\" height=\"344\" src=\"https:\/\/nik.uni-obuda.hu\/tdk\/wp-content\/uploads\/2025\/12\/image-1.png\" alt=\"\" class=\"wp-image-866\" srcset=\"https:\/\/nik.uni-obuda.hu\/tdk\/wp-content\/uploads\/2025\/12\/image-1.png 961w, https:\/\/nik.uni-obuda.hu\/tdk\/wp-content\/uploads\/2025\/12\/image-1-300x107.png 300w, https:\/\/nik.uni-obuda.hu\/tdk\/wp-content\/uploads\/2025\/12\/image-1-768x275.png 768w\" sizes=\"auto, (max-width: 961px) 100vw, 961px\" \/><\/figure>\n<\/div>\n\n\n<div style=\"height:100px\" aria-hidden=\"true\" class=\"wp-block-spacer\"><\/div>\n\n\n\n<h2 class=\"wp-block-heading has-text-align-center\">Ez\u00fcst fokozat\u00fa t\u00e1mogat\u00f3ink<\/h2>\n\n\n<div class=\"wp-block-image\">\n<figure class=\"aligncenter size-full is-resized\"><img loading=\"lazy\" decoding=\"async\" width=\"572\" height=\"220\" src=\"https:\/\/nik.uni-obuda.hu\/tdk\/wp-content\/uploads\/2023\/11\/image-1.png\" alt=\"\" class=\"wp-image-813\" style=\"width:369px;height:auto\" srcset=\"https:\/\/nik.uni-obuda.hu\/tdk\/wp-content\/uploads\/2023\/11\/image-1.png 572w, https:\/\/nik.uni-obuda.hu\/tdk\/wp-content\/uploads\/2023\/11\/image-1-300x115.png 300w\" sizes=\"auto, (max-width: 572px) 100vw, 572px\" \/><\/figure>\n<\/div>\n\n\n<div style=\"height:100px\" aria-hidden=\"true\" class=\"wp-block-spacer\"><\/div>\n\n\n\n<div style=\"height:398px\" aria-hidden=\"true\" class=\"wp-block-spacer\"><\/div>\n","protected":false},"excerpt":{"rendered":"<p>A Tudom\u00e1nyos Di\u00e1kk\u00f6r Konferenci\u00e1kon sz\u00e1mos olyan p\u00e1lyamunka ker\u00fcl bemutat\u00e1sra, melyek nem csak tudom\u00e1nyos, de ipari szempontb\u00f3l is hasznosak \u00e9s meg\u00e1llj\u00e1k a hely\u00fcket. T\u00e1mogat\u00f3ink olyan kiemelked\u0151 piaci szerepl\u0151k akik fontosnak tartj\u00e1k a tudom\u00e1ny \u00e9s az ipari szf\u00e9ra kapcsolat\u00e1t, valamint ezek szinergista f\u00fazi\u00f3j\u00e1t. Gy\u00e9m\u00e1nt fokozat\u00fa, kiemelt t\u00e1mogat\u00f3ink Ez\u00fcst fokozat\u00fa t\u00e1mogat\u00f3ink<\/p>\n","protected":false},"author":1,"featured_media":0,"parent":0,"menu_order":0,"comment_status":"closed","ping_status":"closed","template":"","meta":{"_lmt_disableupdate":"","_lmt_disable":"","footnotes":""},"class_list":["post-614","page","type-page","status-publish"],"_links":{"self":[{"href":"https:\/\/nik.uni-obuda.hu\/tdk\/wp-json\/wp\/v2\/pages\/614","targetHints":{"allow":["GET"]}}],"collection":[{"href":"https:\/\/nik.uni-obuda.hu\/tdk\/wp-json\/wp\/v2\/pages"}],"about":[{"href":"https:\/\/nik.uni-obuda.hu\/tdk\/wp-json\/wp\/v2\/types\/page"}],"author":[{"embeddable":true,"href":"https:\/\/nik.uni-obuda.hu\/tdk\/wp-json\/wp\/v2\/users\/1"}],"replies":[{"embeddable":true,"href":"https:\/\/nik.uni-obuda.hu\/tdk\/wp-json\/wp\/v2\/comments?post=614"}],"version-history":[{"count":18,"href":"https:\/\/nik.uni-obuda.hu\/tdk\/wp-json\/wp\/v2\/pages\/614\/revisions"}],"predecessor-version":[{"id":869,"href":"https:\/\/nik.uni-obuda.hu\/tdk\/wp-json\/wp\/v2\/pages\/614\/revisions\/869"}],"wp:attachment":[{"href":"https:\/\/nik.uni-obuda.hu\/tdk\/wp-json\/wp\/v2\/media?parent=614"}],"curies":[{"name":"wp","href":"https:\/\/api.w.org\/{rel}","templated":true}]}}