{"id":7,"date":"2021-06-14T08:33:43","date_gmt":"2021-06-14T08:33:43","guid":{"rendered":"https:\/\/nik.uni-obuda.hu\/tdk\/?page_id=7"},"modified":"2023-06-23T19:33:21","modified_gmt":"2023-06-23T19:33:21","slug":"elerhetoseg","status":"publish","type":"page","link":"https:\/\/nik.uni-obuda.hu\/tdk\/elerhetoseg\/","title":{"rendered":"El\u00e9rhet\u0151s\u00e9g"},"content":{"rendered":"\n<p>Jelen port\u00e1l c\u00e9lja a Neumann J\u00e1nos Informatikai Kar m\u0171k\u00f6d\u00e9se alatt megrendez\u00e9sre ker\u00fcl\u0151 Tudom\u00e1nyos Di\u00e1kk\u00f6ri Konferenci\u00e1khoz (r\u00f6viden TDK) tartoz\u00f3 inform\u00e1ci\u00f3k, eredm\u00e9nyek, sikerek bemutat\u00e1sa \u00e9s \u00f6sszefog\u00e1sa.<\/p>\n\n\n\n<div style=\"height:30px\" aria-hidden=\"true\" class=\"wp-block-spacer\"><\/div>\n\n\n\n<p class=\"has-text-align-center\">&#8211;<\/p>\n\n\n\n<div style=\"height:100px\" aria-hidden=\"true\" class=\"wp-block-spacer\"><\/div>\n\n\n\n<p>A port\u00e1llal kapcsolatos k\u00e9rd\u00e9sekkel, megl\u00e1t\u00e1sokkal, ig\u00e9nyekkel vagy esetleges probl\u00e9m\u00e1val az al\u00e1bbi el\u00e9rhet\u0151s\u00e9gre sz\u00edveskedjen fordulni:<\/p>\n\n\n\n<p>N\u00e9v: Sipos Mikl\u00f3s<br>E-mail: sipos.miklos [kukac] nik.uni-obuda.hu<\/p>\n\n\n\n<div style=\"height:30px\" aria-hidden=\"true\" class=\"wp-block-spacer\"><\/div>\n\n\n\n<p class=\"has-text-align-center\">&#8211;<\/p>\n\n\n\n<div style=\"height:30px\" aria-hidden=\"true\" class=\"wp-block-spacer\"><\/div>\n\n\n\n<p>Hasznos linkek:<\/p>\n\n\n\n<ul class=\"wp-block-list\">\n<li>Egyetemi TDK weboldal: <a href=\"https:\/\/uni-obuda.hu\/tudomanyos-diakkor\/\" target=\"_blank\" rel=\"noreferrer noopener\">https:\/\/uni-obuda.hu\/tudomanyos-diakkor\/<\/a><\/li>\n\n\n\n<li>NIK TDK port\u00e1l (nevez\u00e9s, b\u00edr\u00e1latok): <a rel=\"noreferrer noopener\" href=\"https:\/\/tdk.nik.uni-obuda.hu\" target=\"_blank\">https:\/\/tdk.nik.uni-obuda.hu<\/a><\/li>\n\n\n\n<li>\u00d3E-NIK Tudom\u00e1nyos Di\u00e1kk\u00f6r a Facebookon: <a rel=\"noreferrer noopener\" href=\"https:\/\/www.facebook.com\/oenik.tdk\" target=\"_blank\">https:\/\/www.facebook.com\/oenik.tdk<\/a><\/li>\n<\/ul>\n\n\n\n<div style=\"height:163px\" aria-hidden=\"true\" class=\"wp-block-spacer\"><\/div>\n","protected":false},"excerpt":{"rendered":"<p>Jelen port\u00e1l c\u00e9lja a Neumann J\u00e1nos Informatikai Kar m\u0171k\u00f6d\u00e9se alatt megrendez\u00e9sre ker\u00fcl\u0151 Tudom\u00e1nyos Di\u00e1kk\u00f6ri Konferenci\u00e1khoz (r\u00f6viden TDK) tartoz\u00f3 inform\u00e1ci\u00f3k, eredm\u00e9nyek, sikerek bemutat\u00e1sa \u00e9s \u00f6sszefog\u00e1sa. &#8211; A port\u00e1llal kapcsolatos k\u00e9rd\u00e9sekkel, megl\u00e1t\u00e1sokkal, ig\u00e9nyekkel vagy esetleges probl\u00e9m\u00e1val az al\u00e1bbi el\u00e9rhet\u0151s\u00e9gre sz\u00edveskedjen fordulni: N\u00e9v: Sipos Mikl\u00f3sE-mail: sipos.miklos [kukac] nik.uni-obuda.hu &#8211; Hasznos linkek:<\/p>\n","protected":false},"author":1,"featured_media":0,"parent":0,"menu_order":0,"comment_status":"closed","ping_status":"closed","template":"","meta":{"_lmt_disableupdate":"","_lmt_disable":"","footnotes":""},"class_list":["post-7","page","type-page","status-publish"],"_links":{"self":[{"href":"https:\/\/nik.uni-obuda.hu\/tdk\/wp-json\/wp\/v2\/pages\/7","targetHints":{"allow":["GET"]}}],"collection":[{"href":"https:\/\/nik.uni-obuda.hu\/tdk\/wp-json\/wp\/v2\/pages"}],"about":[{"href":"https:\/\/nik.uni-obuda.hu\/tdk\/wp-json\/wp\/v2\/types\/page"}],"author":[{"embeddable":true,"href":"https:\/\/nik.uni-obuda.hu\/tdk\/wp-json\/wp\/v2\/users\/1"}],"replies":[{"embeddable":true,"href":"https:\/\/nik.uni-obuda.hu\/tdk\/wp-json\/wp\/v2\/comments?post=7"}],"version-history":[{"count":20,"href":"https:\/\/nik.uni-obuda.hu\/tdk\/wp-json\/wp\/v2\/pages\/7\/revisions"}],"predecessor-version":[{"id":809,"href":"https:\/\/nik.uni-obuda.hu\/tdk\/wp-json\/wp\/v2\/pages\/7\/revisions\/809"}],"wp:attachment":[{"href":"https:\/\/nik.uni-obuda.hu\/tdk\/wp-json\/wp\/v2\/media?parent=7"}],"curies":[{"name":"wp","href":"https:\/\/api.w.org\/{rel}","templated":true}]}}